{"id":31,"date":"2024-09-22T00:27:31","date_gmt":"2024-09-22T00:27:31","guid":{"rendered":"https:\/\/busesguskar.cl\/?page_id=31"},"modified":"2024-10-09T21:25:25","modified_gmt":"2024-10-09T21:25:25","slug":"nosotros","status":"publish","type":"page","link":"https:\/\/busesguskar.cl\/?page_id=31","title":{"rendered":"NUESTRA EMPRESA"},"content":{"rendered":"\n<div class=\"wp-block-cover is-light\"><span aria-hidden=\"true\" class=\"wp-block-cover__background has-background-dim\" style=\"background-color:#efeeef\"><\/span><img loading=\"lazy\" decoding=\"async\" width=\"1920\" height=\"1200\" class=\"wp-block-cover__image-background wp-image-190\" alt=\"\" src=\"https:\/\/busesguskar.cl\/wp-content\/uploads\/2024\/09\/Diseno-sin-titulo-8.png\" data-object-fit=\"cover\" srcset=\"https:\/\/busesguskar.cl\/wp-content\/uploads\/2024\/09\/Diseno-sin-titulo-8.png 1920w, https:\/\/busesguskar.cl\/wp-content\/uploads\/2024\/09\/Diseno-sin-titulo-8-300x188.png 300w, https:\/\/busesguskar.cl\/wp-content\/uploads\/2024\/09\/Diseno-sin-titulo-8-1024x640.png 1024w, https:\/\/busesguskar.cl\/wp-content\/uploads\/2024\/09\/Diseno-sin-titulo-8-768x480.png 768w, https:\/\/busesguskar.cl\/wp-content\/uploads\/2024\/09\/Diseno-sin-titulo-8-1536x960.png 1536w\" sizes=\"auto, (max-width: 1920px) 100vw, 1920px\" \/><div class=\"wp-block-cover__inner-container is-layout-constrained wp-block-cover-is-layout-constrained\">\n<p class=\"has-medium-font-size\">Somos una empresa del Valle de Aconcagua con m\u00e1s de 30 a\u00f1os de experiencia en el transporte de pasajeros. Nos hemos destacado por la calidad de nuestros servicios, siendo reconocidos por la puntualidad, responsabilidad y por ofrecer una experiencia de viaje inigualable. Adaptamos nuestros servicios a tus necesidades, contando con una flota de buses de alto est\u00e1ndar y un equipo profesional comprometido con tu satisfacci\u00f3n.<\/p>\n\n\n\n<p class=\"has-medium-font-size\"><br><strong>Nuestros valores<\/strong><br>\u2022 Seguridad: Cada viaje cuenta con los m\u00e1s altos est\u00e1ndares de seguridad para garantizar la protecci\u00f3n de nuestros pasajeros.<br>\u2022 Excelencia: Buscamos la perfecci\u00f3n de nuestro servicio, asegurando siempre los mejores resultados.<br>\u2022 Calidad de Servicio: Nos enorgullece ofrecer una atenci\u00f3n personalizada adaptadas las necesidades de cada cliente<br>\u2022 Compromiso con el cliente: Nuestro objetivo es superar las expectativas, brindando soluciones de transporte eficiente y de confianza<br>\u2022 Transparencia: Operamos con honestidad, asegurando relaciones basadas en la confianza mutua<br>\u2022 Flexibilidad y adaptabilidad: Nos ajustamos a los requerimientos de cada proyecto, ofreciendo soluciones dinamizas y personalizadas<\/p>\n<\/div><\/div>\n\n\n\n<p><\/p>\n","protected":false},"excerpt":{"rendered":"","protected":false},"author":1,"featured_media":0,"parent":0,"menu_order":0,"comment_status":"closed","ping_status":"closed","template":"","meta":{"footnotes":""},"class_list":["post-31","page","type-page","status-publish","hentry"],"_links":{"self":[{"href":"https:\/\/busesguskar.cl\/index.php?rest_route=\/wp\/v2\/pages\/31","targetHints":{"allow":["GET"]}}],"collection":[{"href":"https:\/\/busesguskar.cl\/index.php?rest_route=\/wp\/v2\/pages"}],"about":[{"href":"https:\/\/busesguskar.cl\/index.php?rest_route=\/wp\/v2\/types\/page"}],"author":[{"embeddable":true,"href":"https:\/\/busesguskar.cl\/index.php?rest_route=\/wp\/v2\/users\/1"}],"replies":[{"embeddable":true,"href":"https:\/\/busesguskar.cl\/index.php?rest_route=%2Fwp%2Fv2%2Fcomments&post=31"}],"version-history":[{"count":5,"href":"https:\/\/busesguskar.cl\/index.php?rest_route=\/wp\/v2\/pages\/31\/revisions"}],"predecessor-version":[{"id":207,"href":"https:\/\/busesguskar.cl\/index.php?rest_route=\/wp\/v2\/pages\/31\/revisions\/207"}],"wp:attachment":[{"href":"https:\/\/busesguskar.cl\/index.php?rest_route=%2Fwp%2Fv2%2Fmedia&parent=31"}],"curies":[{"name":"wp","href":"https:\/\/api.w.org\/{rel}","templated":true}]}}