{"id":33,"date":"2024-09-22T00:28:18","date_gmt":"2024-09-22T00:28:18","guid":{"rendered":"https:\/\/busesguskar.cl\/?page_id=33"},"modified":"2024-10-09T21:26:51","modified_gmt":"2024-10-09T21:26:51","slug":"nuestra-flota","status":"publish","type":"page","link":"https:\/\/busesguskar.cl\/?page_id=33","title":{"rendered":"NUESTRA FLOTA"},"content":{"rendered":"\n<p class=\"has-medium-font-size\">Contamos con una moderna flota de buses, minibuses y van, con capacidades que van desde los 8 a 57 pasajeros. Todos nuestros veh\u00edculos est\u00e1n equipados con est\u00e1ndares de calidad para ofrecer un viaje como y seguro.<\/p>\n\n\n\n<figure class=\"wp-block-gallery has-nested-images columns-default is-cropped wp-block-gallery-1 is-layout-flex wp-block-gallery-is-layout-flex\">\n<figure class=\"wp-block-image size-large\"><img loading=\"lazy\" decoding=\"async\" width=\"800\" height=\"350\" data-id=\"179\" src=\"https:\/\/busesguskar.cl\/wp-content\/uploads\/2024\/09\/Sin-titulo-800-x-350-px-2-1.png\" alt=\"\" class=\"wp-image-179\" srcset=\"https:\/\/busesguskar.cl\/wp-content\/uploads\/2024\/09\/Sin-titulo-800-x-350-px-2-1.png 800w, https:\/\/busesguskar.cl\/wp-content\/uploads\/2024\/09\/Sin-titulo-800-x-350-px-2-1-300x131.png 300w, https:\/\/busesguskar.cl\/wp-content\/uploads\/2024\/09\/Sin-titulo-800-x-350-px-2-1-768x336.png 768w\" sizes=\"auto, (max-width: 800px) 100vw, 800px\" \/><\/figure>\n\n\n\n<figure class=\"wp-block-image size-large\"><img loading=\"lazy\" decoding=\"async\" width=\"800\" height=\"350\" data-id=\"180\" src=\"https:\/\/busesguskar.cl\/wp-content\/uploads\/2024\/09\/Sin-titulo-800-x-350-px-1-1.png\" alt=\"\" class=\"wp-image-180\" srcset=\"https:\/\/busesguskar.cl\/wp-content\/uploads\/2024\/09\/Sin-titulo-800-x-350-px-1-1.png 800w, https:\/\/busesguskar.cl\/wp-content\/uploads\/2024\/09\/Sin-titulo-800-x-350-px-1-1-300x131.png 300w, https:\/\/busesguskar.cl\/wp-content\/uploads\/2024\/09\/Sin-titulo-800-x-350-px-1-1-768x336.png 768w\" sizes=\"auto, (max-width: 800px) 100vw, 800px\" \/><\/figure>\n\n\n\n<figure class=\"wp-block-image size-large\"><img loading=\"lazy\" decoding=\"async\" width=\"800\" height=\"350\" data-id=\"181\" src=\"https:\/\/busesguskar.cl\/wp-content\/uploads\/2024\/09\/Sin-titulo-800-x-350-px-3.png\" alt=\"\" class=\"wp-image-181\" srcset=\"https:\/\/busesguskar.cl\/wp-content\/uploads\/2024\/09\/Sin-titulo-800-x-350-px-3.png 800w, https:\/\/busesguskar.cl\/wp-content\/uploads\/2024\/09\/Sin-titulo-800-x-350-px-3-300x131.png 300w, https:\/\/busesguskar.cl\/wp-content\/uploads\/2024\/09\/Sin-titulo-800-x-350-px-3-768x336.png 768w\" sizes=\"auto, (max-width: 800px) 100vw, 800px\" \/><\/figure>\n<\/figure>\n\n\n\n<p><\/p>\n","protected":false},"excerpt":{"rendered":"<p>Contamos con una moderna flota de buses, minibuses y van, con capacidades que van desde los 8 a 57 pasajeros. Todos nuestros veh\u00edculos est\u00e1n equipados con est\u00e1ndares de calidad para ofrecer un viaje como y seguro.<\/p>\n","protected":false},"author":1,"featured_media":0,"parent":0,"menu_order":0,"comment_status":"closed","ping_status":"closed","template":"","meta":{"footnotes":""},"class_list":["post-33","page","type-page","status-publish","hentry"],"_links":{"self":[{"href":"https:\/\/busesguskar.cl\/index.php?rest_route=\/wp\/v2\/pages\/33","targetHints":{"allow":["GET"]}}],"collection":[{"href":"https:\/\/busesguskar.cl\/index.php?rest_route=\/wp\/v2\/pages"}],"about":[{"href":"https:\/\/busesguskar.cl\/index.php?rest_route=\/wp\/v2\/types\/page"}],"author":[{"embeddable":true,"href":"https:\/\/busesguskar.cl\/index.php?rest_route=\/wp\/v2\/users\/1"}],"replies":[{"embeddable":true,"href":"https:\/\/busesguskar.cl\/index.php?rest_route=%2Fwp%2Fv2%2Fcomments&post=33"}],"version-history":[{"count":5,"href":"https:\/\/busesguskar.cl\/index.php?rest_route=\/wp\/v2\/pages\/33\/revisions"}],"predecessor-version":[{"id":209,"href":"https:\/\/busesguskar.cl\/index.php?rest_route=\/wp\/v2\/pages\/33\/revisions\/209"}],"wp:attachment":[{"href":"https:\/\/busesguskar.cl\/index.php?rest_route=%2Fwp%2Fv2%2Fmedia&parent=33"}],"curies":[{"name":"wp","href":"https:\/\/api.w.org\/{rel}","templated":true}]}}