{"id":45,"date":"2024-09-22T00:33:21","date_gmt":"2024-09-22T00:33:21","guid":{"rendered":"https:\/\/busesguskar.cl\/?page_id=45"},"modified":"2024-10-09T21:32:05","modified_gmt":"2024-10-09T21:32:05","slug":"contacto","status":"publish","type":"page","link":"https:\/\/busesguskar.cl\/?page_id=45","title":{"rendered":"CONTACTO"},"content":{"rendered":"\n<p class=\"has-medium-font-size\">Direcci\u00f3n:  Julio Figueroa 295 San Felipe &#8211; V Regi\u00f3n<\/p>\n\n\n\n<p class=\"has-medium-font-size\">Whatsapp: +56 9 9332 8092<\/p>\n\n\n\n<p class=\"has-medium-font-size\">Correo electr\u00f3nico: transportes@busesguskar.cl<\/p>\n\n\n\n<figure class=\"wp-block-image size-full\"><img loading=\"lazy\" decoding=\"async\" width=\"652\" height=\"410\" src=\"https:\/\/busesguskar.cl\/wp-content\/uploads\/2024\/09\/mapa.png\" alt=\"\" class=\"wp-image-110\" srcset=\"https:\/\/busesguskar.cl\/wp-content\/uploads\/2024\/09\/mapa.png 652w, https:\/\/busesguskar.cl\/wp-content\/uploads\/2024\/09\/mapa-300x189.png 300w\" sizes=\"auto, (max-width: 652px) 100vw, 652px\" \/><\/figure>\n","protected":false},"excerpt":{"rendered":"<p>Direcci\u00f3n: Julio Figueroa 295 San Felipe &#8211; V Regi\u00f3n Whatsapp: +56 9 9332 8092 Correo electr\u00f3nico: transportes@busesguskar.cl<\/p>\n","protected":false},"author":1,"featured_media":59,"parent":0,"menu_order":0,"comment_status":"closed","ping_status":"closed","template":"","meta":{"footnotes":""},"class_list":["post-45","page","type-page","status-publish","has-post-thumbnail","hentry"],"_links":{"self":[{"href":"https:\/\/busesguskar.cl\/index.php?rest_route=\/wp\/v2\/pages\/45","targetHints":{"allow":["GET"]}}],"collection":[{"href":"https:\/\/busesguskar.cl\/index.php?rest_route=\/wp\/v2\/pages"}],"about":[{"href":"https:\/\/busesguskar.cl\/index.php?rest_route=\/wp\/v2\/types\/page"}],"author":[{"embeddable":true,"href":"https:\/\/busesguskar.cl\/index.php?rest_route=\/wp\/v2\/users\/1"}],"replies":[{"embeddable":true,"href":"https:\/\/busesguskar.cl\/index.php?rest_route=%2Fwp%2Fv2%2Fcomments&post=45"}],"version-history":[{"count":5,"href":"https:\/\/busesguskar.cl\/index.php?rest_route=\/wp\/v2\/pages\/45\/revisions"}],"predecessor-version":[{"id":212,"href":"https:\/\/busesguskar.cl\/index.php?rest_route=\/wp\/v2\/pages\/45\/revisions\/212"}],"wp:featuredmedia":[{"embeddable":true,"href":"https:\/\/busesguskar.cl\/index.php?rest_route=\/wp\/v2\/media\/59"}],"wp:attachment":[{"href":"https:\/\/busesguskar.cl\/index.php?rest_route=%2Fwp%2Fv2%2Fmedia&parent=45"}],"curies":[{"name":"wp","href":"https:\/\/api.w.org\/{rel}","templated":true}]}}